{"id":38,"date":"2019-12-11T22:26:30","date_gmt":"2019-12-11T22:26:30","guid":{"rendered":"https:\/\/www.athelas.nl\/?page_id=38"},"modified":"2024-07-09T11:58:30","modified_gmt":"2024-07-09T09:58:30","slug":"dre-aukes","status":"publish","type":"page","link":"https:\/\/www.athelas.nl\/?page_id=38","title":{"rendered":"Dr\u00e9 Aukes"},"content":{"rendered":"\n<p><em>info<\/em>@athelas.nl<\/p>\n\n\n\n<p class=\"has-black-color has-text-color has-normal-font-size\">Athelas Astrologische Dienstverlening is door mij (08-04-1940) opgericht in 1994. In de tachtiger jaren maakte ik kennis met de astrologie. Ik  was altijd al ge\u00efnteresseerd in psychologie, parapsychologie en andere randwetenschappen en zag in de astrologie  een fascinerende wetenschap, waarmee helderheid kon verkregen worden over  onze onbewuste drijfveren, onze obstakels, levenslessen en  -opdrachten. Ik volgde eerst enkele cursussen, daarna de ISA bij Ren\u00e9 Jelsma en priv\u00e9studie. Eind jaren 80 begon ik op  bescheiden wijze geboortehoroscopen te maken. Consulten durfde ik dat  toen nog niet noemen. De sprong naar het professionele astrologische  werk kwam toen ik in 1994 door omstandigheden mijn ontslag kreeg bij de  firma waar ik toen werkte. Ik had weinig meer te verliezen, bezwoer mijzelf dat ik voortaan alleen nog maar zou doen waar ik echt plezier in  had en waar ik mij goed in voelde: astrologie. Op 21 februari dat  jaar startte ik mijn praktijk. Een jaar of drie daarv\u00f3\u00f3r was ik al  begonnen met het geven van cursussen astrologie voor ge\u00efnteresseerden. De cursussen groeiden uit tot wat in september 1999  zijn beslag heeft gekregen: een complete beroepsopleiding tot  astroloog.                                                                     <\/p>\n\n\n\n<p class=\"has-medium-gray-color has-text-color has-normal-font-size\"><strong><em>Vanaf 2020 ben ik, gezien mijn leeftijd  (80) gestopt met de beroepsmatige kant van mijn astrologische activiteiten, afgezien van een enkele babyhoroscoop. Ik schrijf nog wel regelmatig artikelen voor de AVN (zie hieronder) en heb enkele boeken geschreven. Zie de pagina &#8216;Boeken&#8217; <\/em><\/strong><\/p>\n\n\n\n<p class=\"has-black-color has-text-color has-normal-font-size\">Hoewel van nature niet zo&#8217;n verenigingsmens, werd de waarde van aansluiting bij een vakgroep mij steeds duidelijker. Astroloog is een vrij beroep, je werkt meestal solistisch, de behoefte aan feedback wordt naarmate je je verder ontwikkelt in dit vakgebied groter. Ook zijn er cli\u00ebnten, die zich veiliger voelen bij een astroloog, die &#8216;aangesloten&#8217; is.<br> De Astrologische Vakvereniging Nederland (www.avn-astrologie.nl) heeft stevige toelatingseisen, maar biedt tevens een goede spiegel van wat er in Nederland op astrologisch gebied aan kennis en inzicht aanwezig is.<br><\/p>\n\n\n\n<p class=\"has-black-color has-text-color has-normal-font-size\"> Astrologie is een levende wetenschap die, zoals elke wetenschap, regelmatig vernieuwing en verandering behoeft. Als de mensheid evolueert, dan toch zeker ook het gereedschap waarmee hij inzicht in zichzelf probeert te krijgen. Daarom probeer ik ook een kritisch astroloog te zijn en hoewel ik vooral praktische astrologie wil &#8216;bedrijven&#8217; zoek ik ook graag naar verdieping en verbetering van de fascinerende wetenschap &#8220;astrologie&#8221; De AVN is daarbij een inspirerende en behulpzame vriend gebleken.<\/p>\n","protected":false},"excerpt":{"rendered":"<p>info@athelas.nl Athelas Astrologische Dienstverlening is door mij (08-04-1940) opgericht in 1994. In de tachtiger jaren maakte ik kennis met de astrologie. Ik was altijd al ge\u00efnteresseerd in psychologie, parapsychologie en andere randwetenschappen en zag in de astrologie een fascinerende wetenschap, waarmee helderheid kon verkregen worden &hellip; <a href=\"https:\/\/www.athelas.nl\/?page_id=38\" class=\"more-link\"><span>Lees verder<span class=\"screen-reader-text\">Dr\u00e9 Aukes<\/span><\/span><\/a><\/p>\n","protected":false},"author":2,"featured_media":0,"parent":0,"menu_order":0,"comment_status":"closed","ping_status":"closed","template":"","meta":{"footnotes":""},"class_list":["post-38","page","type-page","status-publish","hentry"],"_links":{"self":[{"href":"https:\/\/www.athelas.nl\/index.php?rest_route=\/wp\/v2\/pages\/38","targetHints":{"allow":["GET"]}}],"collection":[{"href":"https:\/\/www.athelas.nl\/index.php?rest_route=\/wp\/v2\/pages"}],"about":[{"href":"https:\/\/www.athelas.nl\/index.php?rest_route=\/wp\/v2\/types\/page"}],"author":[{"embeddable":true,"href":"https:\/\/www.athelas.nl\/index.php?rest_route=\/wp\/v2\/users\/2"}],"replies":[{"embeddable":true,"href":"https:\/\/www.athelas.nl\/index.php?rest_route=%2Fwp%2Fv2%2Fcomments&post=38"}],"version-history":[{"count":13,"href":"https:\/\/www.athelas.nl\/index.php?rest_route=\/wp\/v2\/pages\/38\/revisions"}],"predecessor-version":[{"id":1291,"href":"https:\/\/www.athelas.nl\/index.php?rest_route=\/wp\/v2\/pages\/38\/revisions\/1291"}],"wp:attachment":[{"href":"https:\/\/www.athelas.nl\/index.php?rest_route=%2Fwp%2Fv2%2Fmedia&parent=38"}],"curies":[{"name":"wp","href":"https:\/\/api.w.org\/{rel}","templated":true}]}}