{"id":27,"date":"2019-12-11T22:27:31","date_gmt":"2019-12-11T22:27:31","guid":{"rendered":"https:\/\/www.athelas.nl\/?page_id=27"},"modified":"2023-07-09T13:21:50","modified_gmt":"2023-07-09T11:21:50","slug":"workshops-en-astrocafe","status":"publish","type":"page","link":"https:\/\/www.athelas.nl\/?page_id=27","title":{"rendered":"Astrocaf\u00e9 \/ workshops"},"content":{"rendered":"\n<h3 class=\"wp-block-heading\"><br><strong>Astrocaf\u00e9<\/strong><\/h3>\n\n\n\n<p class=\"has-normal-font-size\">Elke 3de woensdagmorgen van de maand staat vanaf 09:30 uur de deur van ons Astrocaf\u00e9 tot 12:30 uur wijd open.  Het Astrocaf\u00e9 wil een ontmoetingsplaats zijn voor een ieder, die zich met astrologie bezig houdt,  of dit nu professioneel of uit liefhebberij gedaan wordt, of men nu praktiserend astroloog is, cursist of beginneling.  Er wordt maandelijks over diverse onderwerpen gediscussieerd. Bezoekers kunnen van tevoren een onderwerp opgeven, zodat we met Powerpoint en horoscopen of boeken hierop kunnen inspelen. Omdat het een caf\u00e9formule is, kan je op elk tijdstip vrij naar binnen lopen en weer vertrekken.                           We vragen een  bijdrage van \u20ac 12,50.<\/p>\n\n\n\n<figure class=\"wp-block-image size-large\"><img loading=\"lazy\" decoding=\"async\" width=\"1024\" height=\"503\" src=\"https:\/\/www.athelas.nl\/wp-content\/uploads\/2020\/01\/A11-1024x503.jpg\" alt=\"mensen  op astrocaf\u00e9\" class=\"wp-image-407\" srcset=\"https:\/\/www.athelas.nl\/wp-content\/uploads\/2020\/01\/A11-1024x503.jpg 1024w, https:\/\/www.athelas.nl\/wp-content\/uploads\/2020\/01\/A11-300x147.jpg 300w, https:\/\/www.athelas.nl\/wp-content\/uploads\/2020\/01\/A11-768x377.jpg 768w, https:\/\/www.athelas.nl\/wp-content\/uploads\/2020\/01\/A11-1536x754.jpg 1536w, https:\/\/www.athelas.nl\/wp-content\/uploads\/2020\/01\/A11-1140x560.jpg 1140w, https:\/\/www.athelas.nl\/wp-content\/uploads\/2020\/01\/A11-600x295.jpg 600w, https:\/\/www.athelas.nl\/wp-content\/uploads\/2020\/01\/A11.jpg 1731w\" sizes=\"auto, (max-width: 1024px) 100vw, 1024px\" \/><figcaption class=\"wp-element-caption\">het astrocaf\u00e9<\/figcaption><\/figure>\n\n\n\n<p class=\"has-normal-font-size\">De data voor 2023 zijn  18 januari, 15 februari, 15 maart, 19 april vervalt dit keer<strong>,<\/strong>  17 mei,  (<strong>vakantie juni\/juli\/augustus<\/strong>) 20 september, 18 oktober, 15 november,20 december <\/p>\n\n\n\n<h3 class=\"wp-block-heading\"><br><strong>Waar is het Astrocaf\u00e9<\/strong>?<\/h3>\n\n\n\n<figure class=\"wp-block-image size-large is-resized\"><img loading=\"lazy\" decoding=\"async\" src=\"https:\/\/www.athelas.nl\/wp-content\/uploads\/2020\/01\/Cammeleur.jpg\" alt=\"\" class=\"wp-image-593\" width=\"586\" height=\"390\" \/><\/figure>\n\n\n\n<p class=\"has-normal-font-size\"> Het Astrocaf\u00e9 vind je in het multifunctioneel centrum <strong>de Cammeleur<\/strong> in <strong>Dongen<\/strong>, aan de Hoge Ham 126, midden in het centrum. Hun telefoonnummer is 0162-31 20 00. Wellicht tot ziens bij ons Astrocaf\u00e9, maar niet in de maanden Juni, Juli en Augustus,  dan is het Astrocaf\u00e9 gesloten.<\/p>\n\n\n\n<h3 class=\"wp-block-heading\"><br><br><strong>Workshops<\/strong><\/h3>\n\n\n\n<p class=\"has-black-color has-text-color has-normal-font-size\">De workshops worden op zaterdagen gehouden van 10:00 tot 13:00 uur in <strong>De Boodschap<\/strong>, Nassaulaan 62-64 in  Rijen.<\/p>\n\n\n\n<p class=\"has-black-color has-text-color has-normal-font-size\">Momenteel zijn geen workshops gepland.<\/p>\n\n\n\n<p class=\"has-black-color has-text-color has-normal-font-size\"><strong>Kosten en aanmelden:<\/strong> <br>Inclusief koffie\/thee betaal je \u20ac 40,00 voor een workshop-ochtend. Aanmelden via e-mail info@athelas.nl of tel. 06 16 74 95 62<\/p>\n\n\n\n<p><\/p>\n\n\n\n<h3 class=\"wp-block-heading\"><strong>Lezingen<\/strong><\/h3>\n\n\n\n<p class=\"has-black-color has-text-color has-normal-font-size\">Voor lezingen geldt dezelfde basisinformatie als hierboven, alleen betaal je \u20ac30,00 per lezing.  Wil je weten welke lezingen beschikbaar zijn,  en welke gepland, ga dan naar de pagina  LEZINGEN<\/p>\n\n\n\n<h4 class=\"wp-block-heading\"><strong>Routebeschrijving<\/strong><\/h4>\n\n\n\n<p class=\"has-black-color has-text-color has-normal-font-size\">Op de A27 (Utrecht-Breda) neemt u afslag 17 waarna je richting Rijen kiest. Bij de eerste stoplichten in Rijen sla je links af de Nassaulaan in. Na het eerste kruispunt zie je links &#8216;de Boodschap&#8217; (een voormalige kerk) liggen. Er is ruim voldoende parkeermogelijkheid.<br>Komende van de A58 (Tilburg-Breda), neem je afslag Gilze \/ Rijen en  vervolg je richting Rijen.  Bij de eerste verkeerslichten ga je linksaf ri. Rijen. Net na het vliegveld idem. Voorbij afslag centrum ga je bij het derde  verkeerslicht rechtsaf richting  Oosterhout\/Dongen. Meteen na de spoorwegovergang bij de verkeerslichten  rechtsaf de Nassaulaan in.<\/p>\n","protected":false},"excerpt":{"rendered":"<p>Astrocaf\u00e9 Elke 3de woensdagmorgen van de maand staat vanaf 09:30 uur de deur van ons Astrocaf\u00e9 tot 12:30 uur wijd open. Het Astrocaf\u00e9 wil een ontmoetingsplaats zijn voor een ieder, die zich met astrologie bezig houdt, of dit nu professioneel of uit liefhebberij gedaan wordt, &hellip; <a href=\"https:\/\/www.athelas.nl\/?page_id=27\" class=\"more-link\"><span>Lees verder<span class=\"screen-reader-text\">Astrocaf\u00e9 \/ workshops<\/span><\/span><\/a><\/p>\n","protected":false},"author":2,"featured_media":0,"parent":0,"menu_order":0,"comment_status":"closed","ping_status":"closed","template":"","meta":{"footnotes":""},"class_list":["post-27","page","type-page","status-publish","hentry"],"_links":{"self":[{"href":"https:\/\/www.athelas.nl\/index.php?rest_route=\/wp\/v2\/pages\/27","targetHints":{"allow":["GET"]}}],"collection":[{"href":"https:\/\/www.athelas.nl\/index.php?rest_route=\/wp\/v2\/pages"}],"about":[{"href":"https:\/\/www.athelas.nl\/index.php?rest_route=\/wp\/v2\/types\/page"}],"author":[{"embeddable":true,"href":"https:\/\/www.athelas.nl\/index.php?rest_route=\/wp\/v2\/users\/2"}],"replies":[{"embeddable":true,"href":"https:\/\/www.athelas.nl\/index.php?rest_route=%2Fwp%2Fv2%2Fcomments&post=27"}],"version-history":[{"count":26,"href":"https:\/\/www.athelas.nl\/index.php?rest_route=\/wp\/v2\/pages\/27\/revisions"}],"predecessor-version":[{"id":1192,"href":"https:\/\/www.athelas.nl\/index.php?rest_route=\/wp\/v2\/pages\/27\/revisions\/1192"}],"wp:attachment":[{"href":"https:\/\/www.athelas.nl\/index.php?rest_route=%2Fwp%2Fv2%2Fmedia&parent=27"}],"curies":[{"name":"wp","href":"https:\/\/api.w.org\/{rel}","templated":true}]}}