{"id":10,"date":"2019-12-11T22:26:07","date_gmt":"2019-12-11T22:26:07","guid":{"rendered":"https:\/\/www.athelas.nl\/?page_id=10"},"modified":"2023-03-22T08:13:23","modified_gmt":"2023-03-22T07:13:23","slug":"astrologie","status":"publish","type":"page","link":"https:\/\/www.athelas.nl\/?page_id=10","title":{"rendered":"Astrologie"},"content":{"rendered":"\n<h3 class=\"wp-block-heading\" id=\"wat-is-astrologie\"><strong>Wat is astrologie?<\/strong><\/h3>\n\n\n\n<p class=\"has-medium-black-color has-text-color\" style=\"font-size:19px\">Astrologie is een wetenschap, ambacht of kunst die zich bezig houdt met en onderzoek doet naar de kwaliteit van een bepaald tijdsmoment. <br>Kort gezegd: astrologie laat de kwaliteit van een tijdstip zien. <br>Nog korter gezegd: astrologie is KWALITIJD! <br>Mensen en andere levensvormen, feiten en dingen, bestaan op ons (beperkt) aards niveau bij de gratie van het feit dat ze een begin en een einde kennen. Alles wat een beginmoment kent, kan dus astrologisch beschouwd en onderzocht worden op zijn of haar kwaliteit. Als bron worden de planeten  en andere astronomische gegevens gebruikt, zoals de draaiing van de aarde om de zon en om zichzelf, de ecliptica, snijpunten van planeetbanen, etc. <\/p>\n\n\n\n<p class=\"has-black-color has-text-color\" style=\"font-size:19px\"><strong>Astrologie is, net als wiskunde, een symbooltaal<\/strong> en een wetenschappelijk systeem, dat toegepast wordt om inzicht en duidelijkheid te krijgen over diverse onderwerpen. De astrologie zoals de meeste mensen haar kennen, is&#8230; <\/p>\n\n\n\n<div class=\"wp-block-media-text alignwide has-media-on-the-right is-stacked-on-mobile\"><div class=\"wp-block-media-text__content\">\n<p class=\"has-black-color has-text-color\" style=\"font-size:19px\"><strong>de geboortehoroscoop<\/strong>, die probeert als psychologische astrologie de menselijke psyche inzichtelijk te maken met de sterke en zwakke kanten die we allemaal hebben. Het belangrijkste is dat we  ons bewust worden wat de reden van ons bestaan is. Waarom lopen wij  hier en nu rond? Wat is het nut ervan? Is er een doel? Bestaat re\u00efncarnatie en zaken als karma? Hebben we wel een vrije wil?<\/p>\n<\/div><figure class=\"wp-block-media-text__media\"><img loading=\"lazy\" decoding=\"async\" width=\"300\" height=\"230\" src=\"https:\/\/www.athelas.nl\/wp-content\/uploads\/2020\/08\/astrologie-geboortehoroscoop-300x230.jpg\" alt=\"\" class=\"wp-image-801 size-full\" srcset=\"https:\/\/www.athelas.nl\/wp-content\/uploads\/2020\/08\/astrologie-geboortehoroscoop-300x230.jpg 300w, https:\/\/www.athelas.nl\/wp-content\/uploads\/2020\/08\/astrologie-geboortehoroscoop-1024x786.jpg 1024w, https:\/\/www.athelas.nl\/wp-content\/uploads\/2020\/08\/astrologie-geboortehoroscoop-768x589.jpg 768w, https:\/\/www.athelas.nl\/wp-content\/uploads\/2020\/08\/astrologie-geboortehoroscoop-1536x1179.jpg 1536w, https:\/\/www.athelas.nl\/wp-content\/uploads\/2020\/08\/astrologie-geboortehoroscoop-2048x1571.jpg 2048w\" sizes=\"auto, (max-width: 300px) 100vw, 300px\" \/><\/figure><\/div>\n\n\n\n<p class=\"has-black-color has-text-color\" style=\"font-size:19px\"><strong>Uurhoekastrologie<\/strong> onderzoekt de kenmerken van een gebeurtenis.<br><br><strong>Bedrijfsastrologie<\/strong> is een afgeleide van de uurhoekastrologie en onderzoekt de kwaliteit en structuur van een bedrijf of organisatie; <br><br><strong>Vraag-astrologie, of vraaghoroscopie<\/strong> is eveneens zo&#8217;n afgeleide en probeert inzicht in een vraag en dus tevens het antwoord op die vraag te vinden. <\/p>\n\n\n\n<div class=\"wp-block-media-text alignwide has-media-on-the-right is-stacked-on-mobile\" style=\"grid-template-columns:auto 41%\"><div class=\"wp-block-media-text__content\">\n<p class=\"has-black-color has-text-color\" style=\"font-size:19px\"><strong>Voorspellende astrologie<\/strong> probeert inzicht te verschaffen in nog komende feitelijke gebeurtenissen en is het meest controversi\u00eble element in de astrologie, vari\u00ebrend van de horoscooprubrieken in de weekbladen (pop-astrologie) tot toekomstige kansen om dingen in je leven te veranderen. Maar een astroloog is geen glazen bol kijker!<\/p>\n<\/div><figure class=\"wp-block-media-text__media\"><img loading=\"lazy\" decoding=\"async\" width=\"276\" height=\"183\" src=\"https:\/\/www.athelas.nl\/wp-content\/uploads\/2020\/01\/voorspellen1.jpg\" alt=\"\" class=\"wp-image-583 size-full\" \/><\/figure><\/div>\n\n\n\n<h3 class=\"wp-block-heading\" id=\"zo-boven-zo-beneden\"><strong>Zo boven, zo beneden<\/strong><\/h3>\n\n\n\n<p class=\"has-black-color has-text-color has-medium-font-size\">Hoewel vroeger door astrologen de stand van planeten en andere astronomische gegevens beschouwd werden als directe oorzaak en dus van invloed op de kwaliteit van een bepaald moment, b.v. de geboorte van een mens (geboortehoroscoop),  gaan de meeste astrologen tegenwoordig uit van de analogie tussen wat op aarde plaats vindt en de astronomische gegevens op dat zelfde tijdstip. De filosofie hierachter is, dat als het allergrootste wat wij kennen: zonnestelsels, precies zo geordend zijn als het allerkleinste wat we kennen: het atoom, we mogen veronderstellen, dat beiden onderworpen zijn aan een zelfde kosmische orde of universele wet. &#8220;Zo boven, zo onder&#8221;. Daarvan uitgaand stelt de huidige astrologie, dat de planeten niet zozeer oorzaak zijn van gebeurtenissen op aarde, maar dat zij vooral de kwaliteit weerspiegelen van een bepaald moment in de tijd.  <\/p>\n\n\n\n<h3 class=\"wp-block-heading\" id=\"wat-zijn-de-voornaamste-ingredienten-van-de-psychologische-astrologie\"><br><strong>Wat zijn de voornaamste ingredi\u00ebnten van de (psychologische en spirituele) astrologie? <\/strong><\/h3>\n\n\n\n<h3 class=\"wp-block-heading\" id=\"de-planeten\"><strong>De Planeten<\/strong><\/h3>\n\n\n\n<div class=\"wp-block-media-text alignwide has-media-on-the-right is-stacked-on-mobile\"><div class=\"wp-block-media-text__content\">\n<p class=\"has-text-align-right has-black-color has-text-color\" style=\"font-size:19px\">De planeten  symboliseren onze behoeftepatronen. Sommige ken je al wel. Zo is Mars de planeet van strijd en actie, Venus die van verbinden en liefhebben We verdelen de planeten in drie groepen: <strong>de persoonlijke planeten<\/strong> (Zon, Maan, Mercurius, Venus, Mars), <strong>de half persoonlijke planeten<\/strong> (Jupiter en Saturnus) en <strong>de onpersoonlijke planeten<\/strong> (Uranus, Neptunus, Pluto) Fysiek gezien zijn de Zon en de Maan geen planeten, maar in de astrologie, wel omdat ze voor bepaalde behoeftepatronen symbool  staan<\/p>\n<\/div><figure class=\"wp-block-media-text__media\"><img loading=\"lazy\" decoding=\"async\" width=\"200\" height=\"252\" src=\"https:\/\/www.athelas.nl\/wp-content\/uploads\/2020\/08\/images.jpg\" alt=\"\" class=\"wp-image-831 size-full\" \/><\/figure><\/div>\n\n\n\n<div class=\"wp-block-media-text alignwide is-stacked-on-mobile\" style=\"grid-template-columns:25% auto\"><figure class=\"wp-block-media-text__media\"><img loading=\"lazy\" decoding=\"async\" width=\"1024\" height=\"944\" src=\"https:\/\/www.athelas.nl\/wp-content\/uploads\/2020\/08\/astrologie-quantumfysica-.jpg\" alt=\"\" class=\"wp-image-804 size-full\" srcset=\"https:\/\/www.athelas.nl\/wp-content\/uploads\/2020\/08\/astrologie-quantumfysica-.jpg 1024w, https:\/\/www.athelas.nl\/wp-content\/uploads\/2020\/08\/astrologie-quantumfysica--300x277.jpg 300w, https:\/\/www.athelas.nl\/wp-content\/uploads\/2020\/08\/astrologie-quantumfysica--768x708.jpg 768w\" sizes=\"auto, (max-width: 1024px) 100vw, 1024px\" \/><\/figure><div class=\"wp-block-media-text__content\">\n<p class=\"has-black-color has-text-color\" style=\"font-size:19px\"><strong>Kwantumfysica<\/strong><br>De nieuwste zienswijze, aansluitend op de kwantumfysica, is dat alles in het heelal met elkaar verbonden is, hoe ver de objecten, groot of klein, planeet of subatomaire deeltjes, van elkaar verwijderd zijn. Zij kunnen met elkaar communiceren via magnetische velden. In die zin be\u00efnvloeden de planeten wel degelijk de aarde, maar wij zijn vrij om te beslissen of en hoe wij daarop reageren. Maar ook andersom reageren planeten en onze eigen aarde op wat wij uitzenden. <\/p>\n<\/div><\/div>\n\n\n\n<h3 class=\"wp-block-heading\" id=\"de-dierenriem\"><strong>De Dierenriem<\/strong><\/h3>\n\n\n\n<div class=\"wp-block-media-text alignwide is-stacked-on-mobile\" style=\"grid-template-columns:38% auto\"><figure class=\"wp-block-media-text__media\"><img loading=\"lazy\" decoding=\"async\" width=\"1009\" height=\"1024\" src=\"https:\/\/www.athelas.nl\/wp-content\/uploads\/2020\/08\/foetus-in-radix-1009x1024.jpg\" alt=\"\" class=\"wp-image-833 size-full\" srcset=\"https:\/\/www.athelas.nl\/wp-content\/uploads\/2020\/08\/foetus-in-radix-1009x1024.jpg 1009w, https:\/\/www.athelas.nl\/wp-content\/uploads\/2020\/08\/foetus-in-radix-296x300.jpg 296w, https:\/\/www.athelas.nl\/wp-content\/uploads\/2020\/08\/foetus-in-radix-768x780.jpg 768w, https:\/\/www.athelas.nl\/wp-content\/uploads\/2020\/08\/foetus-in-radix-1513x1536.jpg 1513w, https:\/\/www.athelas.nl\/wp-content\/uploads\/2020\/08\/foetus-in-radix-2018x2048.jpg 2018w\" sizes=\"auto, (max-width: 1009px) 100vw, 1009px\" \/><\/figure><div class=\"wp-block-media-text__content\">\n<p class=\"has-black-color has-text-color\" style=\"font-size:19px\">De dierenriemtekens symboliseren twaalf verschillende energie\u00ebn waarmee die behoeftepatronen zich kunnen uiten. Dit zijn <strong>niet <\/strong>de fysieke sterrenconstellaties aan de hemel waar ze hun naam aan te danken hebben. De dierenriem is een <strong>meetkundige verdeling<\/strong> van de hemelboog in 12 X 30 gelijke graden, beginnend bij het lentepunt, de eerste graad van Ram op 21 maart om 00:00 uur. Hiernaast zien we de invloed van de tekens  op het menselijk lichaam.<\/p>\n<\/div><\/div>\n\n\n\n<h3 class=\"wp-block-heading\" id=\"de-astrologische-huizen\"><strong>De astrologische huizen<\/strong><\/h3>\n\n\n\n<div class=\"wp-block-media-text alignwide has-media-on-the-right is-stacked-on-mobile\" style=\"grid-template-columns:auto 45%\"><div class=\"wp-block-media-text__content\">\n<p class=\"has-black-color has-text-color\" style=\"font-size:19px\">De zgn. &#8216;<strong>Huizen<\/strong>&#8216; symboliseren twaalf groepen levensomstandigheden waarbinnen onze behoefte-patronen (de planeten) via de dierenriemtekens zich willen uiten. Rechts In de technische tekening van de horoscoop, de zgn  &#8216;radix&#8217;, zien we  &#8220;taartpunten&#8221;, die de cirkel verdelen in twaalf segmenten. Elk segment betreft een bepaalde omstandigheid of situatie, zoals onze dagelijkse omgang met de buitenwereld (het eerste huis) of onze manier van werken (het 6de huis).<\/p>\n\n\n\n<p><\/p>\n<\/div><figure class=\"wp-block-media-text__media\"><img loading=\"lazy\" decoding=\"async\" width=\"988\" height=\"988\" src=\"https:\/\/www.athelas.nl\/wp-content\/uploads\/2020\/08\/IMG_20170131_0001_NEW.jpg\" alt=\"\" class=\"wp-image-836 size-full\" srcset=\"https:\/\/www.athelas.nl\/wp-content\/uploads\/2020\/08\/IMG_20170131_0001_NEW.jpg 988w, https:\/\/www.athelas.nl\/wp-content\/uploads\/2020\/08\/IMG_20170131_0001_NEW-300x300.jpg 300w, https:\/\/www.athelas.nl\/wp-content\/uploads\/2020\/08\/IMG_20170131_0001_NEW-150x150.jpg 150w, https:\/\/www.athelas.nl\/wp-content\/uploads\/2020\/08\/IMG_20170131_0001_NEW-768x768.jpg 768w, https:\/\/www.athelas.nl\/wp-content\/uploads\/2020\/08\/IMG_20170131_0001_NEW-533x533.jpg 533w, https:\/\/www.athelas.nl\/wp-content\/uploads\/2020\/08\/IMG_20170131_0001_NEW-640x640.jpg 640w, https:\/\/www.athelas.nl\/wp-content\/uploads\/2020\/08\/IMG_20170131_0001_NEW-864x864.jpg 864w\" sizes=\"auto, (max-width: 988px) 100vw, 988px\" \/><\/figure><\/div>\n\n\n\n<div class=\"wp-block-media-text alignwide is-stacked-on-mobile\"><figure class=\"wp-block-media-text__media\"><img loading=\"lazy\" decoding=\"async\" width=\"1024\" height=\"768\" src=\"https:\/\/www.athelas.nl\/wp-content\/uploads\/2020\/08\/de-huizen-1-1024x768.jpg\" alt=\"\" class=\"wp-image-839 size-full\" srcset=\"https:\/\/www.athelas.nl\/wp-content\/uploads\/2020\/08\/de-huizen-1-1024x768.jpg 1024w, https:\/\/www.athelas.nl\/wp-content\/uploads\/2020\/08\/de-huizen-1-300x225.jpg 300w, https:\/\/www.athelas.nl\/wp-content\/uploads\/2020\/08\/de-huizen-1-768x576.jpg 768w, https:\/\/www.athelas.nl\/wp-content\/uploads\/2020\/08\/de-huizen-1-1536x1152.jpg 1536w, https:\/\/www.athelas.nl\/wp-content\/uploads\/2020\/08\/de-huizen-1-2048x1536.jpg 2048w\" sizes=\"auto, (max-width: 1024px) 100vw, 1024px\" \/><\/figure><div class=\"wp-block-media-text__content\">\n<p class=\"has-black-color has-text-color\" style=\"font-size:19px\">Hiernaast een speelse variatie met &#8216;echte&#8217; huizen die de omstandigheden in ons leven vertegenwoordigen. De toren  op de achtergrond is het 10de  huis, vanuit het hoogste punt  hebben we uitzicht op de maatschappij, onze identiteit ten aanzien van wat we in die maatschappij willen betekenen.<br>Het rode gebouwtje uiterst rechts is de toegangspoort waardoor we in dagelijks contact met de buitenwereld staan, de zgn. &#8216;ascendant.&#8217;<\/p>\n<\/div><\/div>\n\n\n\n<h3 class=\"has-text-align-center wp-block-heading\" id=\"esoterische-astrologie\"><br><strong>Esoterische astrologie<\/strong><\/h3>\n\n\n\n<div class=\"wp-block-media-text alignwide\" style=\"grid-template-columns:24% auto\"><figure class=\"wp-block-media-text__media\"><img loading=\"lazy\" decoding=\"async\" width=\"243\" height=\"293\" src=\"https:\/\/www.athelas.nl\/wp-content\/uploads\/2020\/01\/Alice-bailey.jpg\" alt=\"\" class=\"wp-image-630 size-full\" \/><\/figure><div class=\"wp-block-media-text__content\">\n<div class=\"wp-block-group\"><div class=\"wp-block-group__inner-container is-layout-flow wp-block-group-is-layout-flow\">\n<p class=\"has-black-color has-text-color\" style=\"font-size:19px\">Een vrij nieuwe stroming, die gebaseerd is op de esoterische inzichten van de theosofe Alice Baily (1880-1949). Naast vele andere esoterische werken, schreef zij het boek <em>&#8220;Esoterische Astrologie<\/em>&#8220;.  De kern van deze tak van de astrologie belicht de dualiteit tussen de Ziel die wij in feite zijn en onze persoonlijkheid (ego). Hoe meer wij ons bewustzijn verbreden en verdiepen, des te meer  beseffen we dat onze ziel, die in wezen goddelijk is, zich wil kunnen uiten via en in harmonie met onze persoonlijkheid. Voorwaarde voor een juist gebruik van deze tak van de astrologie is een goed ontwikkeld intu\u00eftief vermogen. <\/p>\n<\/div><\/div>\n<\/div><\/div>\n\n\n\n<div class=\"wp-block-group\"><div class=\"wp-block-group__inner-container is-layout-flow wp-block-group-is-layout-flow\">\n<div class=\"wp-block-media-text alignwide\" style=\"grid-template-columns:20% auto\"><figure class=\"wp-block-media-text__media\"><img loading=\"lazy\" decoding=\"async\" width=\"197\" height=\"256\" src=\"https:\/\/www.athelas.nl\/wp-content\/uploads\/2020\/01\/Alan-Oken.jpg\" alt=\"\" class=\"wp-image-629 size-full\" \/><\/figure><div class=\"wp-block-media-text__content\">\n<p style=\"font-size:19px\">De astroloog Alan Oken heeft haar kennis in modern taalgebruik omgezet in zijn boek <em><strong>Soul Centered Astrology<\/strong><\/em>, in het Nederlands uitgebracht als <strong><em>Zielsgerichte Astrologie<\/em><\/strong> bij uitgeverij Hajefa, Zoetermeer<\/p>\n<\/div><\/div>\n<\/div><\/div>\n\n\n\n<h2 class=\"wp-block-heading\"><\/h2>\n\n\n\n<div class=\"wp-block-media-text alignwide is-stacked-on-mobile\" style=\"grid-template-columns:49% auto\"><figure class=\"wp-block-media-text__media\"><img loading=\"lazy\" decoding=\"async\" width=\"1024\" height=\"704\" src=\"https:\/\/www.athelas.nl\/wp-content\/uploads\/2020\/08\/astrologie-net-boven-esoterische-astrologie-1024x704.jpg\" alt=\"\" class=\"wp-image-802 size-full\" srcset=\"https:\/\/www.athelas.nl\/wp-content\/uploads\/2020\/08\/astrologie-net-boven-esoterische-astrologie-1024x704.jpg 1024w, https:\/\/www.athelas.nl\/wp-content\/uploads\/2020\/08\/astrologie-net-boven-esoterische-astrologie-300x206.jpg 300w, https:\/\/www.athelas.nl\/wp-content\/uploads\/2020\/08\/astrologie-net-boven-esoterische-astrologie-768x528.jpg 768w, https:\/\/www.athelas.nl\/wp-content\/uploads\/2020\/08\/astrologie-net-boven-esoterische-astrologie-1536x1057.jpg 1536w, https:\/\/www.athelas.nl\/wp-content\/uploads\/2020\/08\/astrologie-net-boven-esoterische-astrologie.jpg 1810w\" sizes=\"auto, (max-width: 1024px) 100vw, 1024px\" \/><\/figure><div class=\"wp-block-media-text__content\">\n<p class=\"has-black-color has-text-color\" style=\"font-size:19px\"><strong>Vrije wil of noodlot<\/strong>, Tot de middeleeuwen voorspelde een astroloog  soms vrij nauwkeurig geologische rampen en hij adviseerde de koning wanneer het beste gezaaid of geoogst kon worden.<\/p>\n<\/div><\/div>\n\n\n\n<div class=\"wp-block-media-text alignwide has-media-on-the-right is-stacked-on-mobile\" style=\"grid-template-columns:auto 38%\"><div class=\"wp-block-media-text__content\">\n<p class=\"has-black-color has-text-color\" style=\"font-size:19px\">Het moeilijkst te beantwoorden is de vraag in hoeverre we gebruik kunnen maken van onze vrije wil, of dat alles al is voorbestemd en wij slechts ons lot incasseren. We komen nu op de filosofische kant van de astrologie. Ik huldig het standpunt dat beide ten dele waar zijn. Een van de belangrijkste kosmische (of zo je wilt natuur)wetten is de wet van oorzaak en gevolg, ook wel karma genoemd. Karma is niet alleen maar negatief bedoeld, ook positieve feiten of daden veroorzaken karma.<\/p>\n<\/div><figure class=\"wp-block-media-text__media\"><img loading=\"lazy\" decoding=\"async\" width=\"640\" height=\"387\" src=\"https:\/\/www.athelas.nl\/wp-content\/uploads\/2020\/08\/astrologie-vrije-wil-en-noodlot-Karma.jpg\" alt=\"\" class=\"wp-image-807 size-full\" srcset=\"https:\/\/www.athelas.nl\/wp-content\/uploads\/2020\/08\/astrologie-vrije-wil-en-noodlot-Karma.jpg 640w, https:\/\/www.athelas.nl\/wp-content\/uploads\/2020\/08\/astrologie-vrije-wil-en-noodlot-Karma-300x181.jpg 300w\" sizes=\"auto, (max-width: 640px) 100vw, 640px\" \/><\/figure><\/div>\n\n\n\n<h2 class=\"wp-block-heading\" id=\"reincarnatie\">Re\u00efncarnatie<\/h2>\n\n\n\n<div class=\"wp-block-media-text alignwide is-stacked-on-mobile\"><figure class=\"wp-block-media-text__media\"><img loading=\"lazy\" decoding=\"async\" width=\"400\" height=\"259\" src=\"https:\/\/www.athelas.nl\/wp-content\/uploads\/2020\/08\/reincarnatie.gif\" alt=\"\" class=\"wp-image-847 size-full\" \/><\/figure><div class=\"wp-block-media-text__content\">\n<p class=\"has-black-color has-text-color\" style=\"font-size:19px\">Een tweede kosmische wet is de wet van re\u00efncarnatie. Is dat voor jou een brug te ver, dan kan je eventueel spreken van genetische erfelijkheid, hoewel dit absoluut geen analogie is. Er van uitgaand, dat een ziel onsterfelijk is, geldt dat niet alleen maar n\u00e1 de dood, maar ook v\u00f3\u00f3r onze geboorte wij diverse levens achter de rug  hebben.<\/p>\n<\/div><\/div>\n\n\n\n<p class=\"has-black-color has-text-color\" style=\"font-size:19px\"> De ziel kiest voor een bepaald leven, waarin zij ervaringen wil opdoen op een voor haar nieuw gebied. In die zin volgen wij ons lot. Omdat onze ziel echter ook nog een appeltje te schillen heeft met ons ego, dat enerzijds voor een aards leven (nog) noodzakelijk is, anderzijds niet meer ons leven behoort te dirigeren, verliest de geest na de geboorte alle bewuste herinnering aan vorige levens. De ziel weet echter  precies wat haar taak in dit leven is, maar laat het aan de vrije wil over om dit pad te volgen. In een horoscoop kunnen bepaalde gegevens inzicht verschaffen wat onze taak in dit leven is.<br>Als we dus spreken over bewustwording of geestelijke ontwikkeling willen we eigenlijk alleen maar zeggen, dat we ons onze levensopdracht meer bewust willen worden en willen worden wie wij zijn als ziel en dat ook uiten.<br>De vrije wil cre\u00ebert en is verantwoordelijk voor alles wat wij meemaken. Ook onze omstandigheden hebben wij dus zelf gecre\u00eberd. Daarom bestaat er ook geen toeval. Alles, maar dan ook alles begint bij ons denken. Gedachten zijn oorzaak en gebeurtenissen zijn een gevolg. Daarvan uitgaand, kunnen we in de voorspellende astrologie geen concrete gebeurtenissen voorspellen, wel momenten of periodes waarin we kansen krijgen om &#8211; uit vrije wil &#8211; dingen in ons leven te veranderen. Dat kan zowel door een daad te stellen als door ons denkpatroon te wijzigen. Natuurlijk is de daad dan een gevolg van het veranderende denkpatroon.<\/p>\n\n\n\n<div class=\"wp-block-group\"><div class=\"wp-block-group__inner-container is-layout-flow wp-block-group-is-layout-flow\">\n<div class=\"wp-block-group\"><div class=\"wp-block-group__inner-container is-layout-flow wp-block-group-is-layout-flow\"><\/div><\/div>\n<\/div><\/div>\n\n\n\n<p class=\"has-medium-font-size\">Wilt u hierop reageren? Stuur mij dan een email.: info@athelas.nl<\/p>\n","protected":false},"excerpt":{"rendered":"<p>Wat is astrologie? Astrologie is een wetenschap, ambacht of kunst die zich bezig houdt met en onderzoek doet naar de kwaliteit van een bepaald tijdsmoment. Kort gezegd: astrologie laat de kwaliteit van een tijdstip zien. Nog korter gezegd: astrologie is KWALITIJD! Mensen en andere levensvormen, &hellip; <a href=\"https:\/\/www.athelas.nl\/?page_id=10\" class=\"more-link\"><span>Lees verder<span class=\"screen-reader-text\">Astrologie<\/span><\/span><\/a><\/p>\n","protected":false},"author":2,"featured_media":0,"parent":0,"menu_order":0,"comment_status":"closed","ping_status":"closed","template":"","meta":{"footnotes":""},"class_list":["post-10","page","type-page","status-publish","hentry"],"_links":{"self":[{"href":"https:\/\/www.athelas.nl\/index.php?rest_route=\/wp\/v2\/pages\/10","targetHints":{"allow":["GET"]}}],"collection":[{"href":"https:\/\/www.athelas.nl\/index.php?rest_route=\/wp\/v2\/pages"}],"about":[{"href":"https:\/\/www.athelas.nl\/index.php?rest_route=\/wp\/v2\/types\/page"}],"author":[{"embeddable":true,"href":"https:\/\/www.athelas.nl\/index.php?rest_route=\/wp\/v2\/users\/2"}],"replies":[{"embeddable":true,"href":"https:\/\/www.athelas.nl\/index.php?rest_route=%2Fwp%2Fv2%2Fcomments&post=10"}],"version-history":[{"count":49,"href":"https:\/\/www.athelas.nl\/index.php?rest_route=\/wp\/v2\/pages\/10\/revisions"}],"predecessor-version":[{"id":1174,"href":"https:\/\/www.athelas.nl\/index.php?rest_route=\/wp\/v2\/pages\/10\/revisions\/1174"}],"wp:attachment":[{"href":"https:\/\/www.athelas.nl\/index.php?rest_route=%2Fwp%2Fv2%2Fmedia&parent=10"}],"curies":[{"name":"wp","href":"https:\/\/api.w.org\/{rel}","templated":true}]}}